{"id":21564,"date":"2025-07-09T15:20:40","date_gmt":"2025-07-09T13:20:40","guid":{"rendered":"https:\/\/dianagadish.com\/handle-with-care\/"},"modified":"2025-09-09T16:47:03","modified_gmt":"2025-09-09T14:47:03","slug":"handle-with-care","status":"publish","type":"page","link":"https:\/\/dianagadish.com\/es\/espectaculos\/handle-with-care\/","title":{"rendered":"Handle with care"},"content":{"rendered":"\t\t<div data-elementor-type=\"wp-page\" data-elementor-id=\"21564\" class=\"elementor elementor-21564 elementor-20925\" data-elementor-post-type=\"page\">\n\t\t\t\t<div class=\"elementor-element elementor-element-7fd2824 e-con-full e-flex e-con e-parent\" data-id=\"7fd2824\" data-element_type=\"container\" data-e-type=\"container\">\n\t\t<div class=\"elementor-element elementor-element-8f0b04b e-con-full e-flex e-con e-child\" data-id=\"8f0b04b\" data-element_type=\"container\" data-e-type=\"container\">\n\t\t\t\t<div class=\"elementor-element elementor-element-c29a02d elementor-headline--style-rotate elementor-widget elementor-widget-animated-headline\" data-id=\"c29a02d\" data-element_type=\"widget\" data-e-type=\"widget\" data-settings=\"{&quot;headline_style&quot;:&quot;rotate&quot;,&quot;rotating_text&quot;:&quot;Handle with care&quot;,&quot;animation_type&quot;:&quot;typing&quot;,&quot;loop&quot;:&quot;yes&quot;,&quot;rotate_iteration_delay&quot;:2500}\" data-widget_type=\"animated-headline.default\">\n\t\t\t\t\t\t\t<h1 class=\"elementor-headline elementor-headline-animation-type-typing elementor-headline-letters\">\n\t\t\t\t<span class=\"elementor-headline-dynamic-wrapper elementor-headline-text-wrapper\">\n\t\t\t\t\t<span class=\"elementor-headline-dynamic-text elementor-headline-text-active\">\n\t\t\t\tHandle&nbsp;with&nbsp;care\t\t\t<\/span>\n\t\t\t\t\t\t<\/span>\n\t\t\t\t<\/h1>\n\t\t\t\t\t\t<\/div>\n\t\t\t\t<div class=\"elementor-element elementor-element-f4f212c elementor-invisible elementor-widget elementor-widget-heading\" data-id=\"f4f212c\" data-element_type=\"widget\" data-e-type=\"widget\" data-settings=\"{&quot;_animation&quot;:&quot;fadeInLeft&quot;}\" data-widget_type=\"heading.default\">\n\t\t\t\t\t<h2 class=\"elementor-heading-title elementor-size-default\">La fragilidad del ser humano y la necesidad de cuidarnos entre nosotros<\/h2>\t\t\t\t<\/div>\n\t\t\t\t<div class=\"elementor-element elementor-element-252191d elementor-widget elementor-widget-spacer\" data-id=\"252191d\" data-element_type=\"widget\" data-e-type=\"widget\" data-widget_type=\"spacer.default\">\n\t\t\t\t\t\t\t<div class=\"elementor-spacer\">\n\t\t\t<div class=\"elementor-spacer-inner\"><\/div>\n\t\t<\/div>\n\t\t\t\t\t\t<\/div>\n\t\t<div class=\"elementor-element elementor-element-88c1330 e-con-full e-flex elementor-invisible e-con e-child\" data-id=\"88c1330\" data-element_type=\"container\" data-e-type=\"container\" data-settings=\"{&quot;animation&quot;:&quot;fadeInLeft&quot;}\">\n\t\t\t\t<div class=\"elementor-element elementor-element-afe7747 elementor-widget__width-auto elementor-widget-divider--view-line elementor-widget elementor-widget-divider\" data-id=\"afe7747\" data-element_type=\"widget\" data-e-type=\"widget\" data-widget_type=\"divider.default\">\n\t\t\t\t\t\t\t<div class=\"elementor-divider\">\n\t\t\t<span class=\"elementor-divider-separator\">\n\t\t\t\t\t\t<\/span>\n\t\t<\/div>\n\t\t\t\t\t\t<\/div>\n\t\t\t\t<div class=\"elementor-element elementor-element-9da0f92 elementor-widget elementor-widget-text-editor\" data-id=\"9da0f92\" data-element_type=\"widget\" data-e-type=\"widget\" data-widget_type=\"text-editor.default\">\n\t\t\t\t\t\t\t\t\t<a style=\"text-decoration: none;\" href=\"\/wp-content\/uploads\/2025\/07\/dossierdiana_cast.pdf\" target=\"_blank\" rel=\"noopener\">DOSSIER<\/a>\t\t\t\t\t\t\t\t<\/div>\n\t\t\t\t<\/div>\n\t\t<div class=\"elementor-element elementor-element-7cfb1dd e-con-full e-flex elementor-invisible e-con e-child\" data-id=\"7cfb1dd\" data-element_type=\"container\" data-e-type=\"container\" data-settings=\"{&quot;animation&quot;:&quot;fadeInLeft&quot;}\">\n\t\t\t\t<div class=\"elementor-element elementor-element-fe178e6 elementor-widget__width-auto elementor-widget-divider--view-line elementor-widget elementor-widget-divider\" data-id=\"fe178e6\" data-element_type=\"widget\" data-e-type=\"widget\" data-widget_type=\"divider.default\">\n\t\t\t\t\t\t\t<div class=\"elementor-divider\">\n\t\t\t<span class=\"elementor-divider-separator\">\n\t\t\t\t\t\t<\/span>\n\t\t<\/div>\n\t\t\t\t\t\t<\/div>\n\t\t\t\t<div class=\"elementor-element elementor-element-93d800c elementor-widget elementor-widget-text-editor\" data-id=\"93d800c\" data-element_type=\"widget\" data-e-type=\"widget\" data-widget_type=\"text-editor.default\">\n\t\t\t\t\t\t\t\t\t<a style=\"text-decoration: none;\" href=\"https:\/\/vimeo.com\/189997145\" target=\"_blank\" rel=\"noopener\">TEASER<\/a>\t\t\t\t\t\t\t\t<\/div>\n\t\t\t\t<\/div>\n\t\t<div class=\"elementor-element elementor-element-4c3b2bb e-con-full e-flex elementor-invisible e-con e-child\" data-id=\"4c3b2bb\" data-element_type=\"container\" data-e-type=\"container\" data-settings=\"{&quot;animation&quot;:&quot;fadeInLeft&quot;}\">\n\t\t\t\t<div class=\"elementor-element elementor-element-516947f elementor-widget__width-auto elementor-widget-divider--view-line elementor-widget elementor-widget-divider\" data-id=\"516947f\" data-element_type=\"widget\" data-e-type=\"widget\" data-widget_type=\"divider.default\">\n\t\t\t\t\t\t\t<div class=\"elementor-divider\">\n\t\t\t<span class=\"elementor-divider-separator\">\n\t\t\t\t\t\t<\/span>\n\t\t<\/div>\n\t\t\t\t\t\t<\/div>\n\t\t\t\t<div class=\"elementor-element elementor-element-c96c374 elementor-widget elementor-widget-text-editor\" data-id=\"c96c374\" data-element_type=\"widget\" data-e-type=\"widget\" data-widget_type=\"text-editor.default\">\n\t\t\t\t\t\t\t\t\t<a style=\"text-decoration: none;\" href=\"\/es\/agenda\/\" target=\"_blank\" rel=\"noopener\">AGENDA<\/a>\t\t\t\t\t\t\t\t<\/div>\n\t\t\t\t<\/div>\n\t\t\t\t<\/div>\n\t\t<div class=\"elementor-element elementor-element-9de80aa e-con-full e-flex e-con e-child\" data-id=\"9de80aa\" data-element_type=\"container\" data-e-type=\"container\">\n\t\t\t\t<div class=\"elementor-element elementor-element-7496a1a content-align-left the7-hover-visibility-disabled transform-overlay-yes exceeding-frame-yes elementor-invisible elementor-widget elementor-widget-the7-image-widget\" data-id=\"7496a1a\" data-element_type=\"widget\" data-e-type=\"widget\" data-settings=\"{&quot;_animation&quot;:&quot;fadeIn&quot;,&quot;hover_visibility&quot;:&quot;disabled&quot;}\" data-widget_type=\"the7-image-widget.default\">\n\t\t\t\t<div class=\"elementor-widget-container\">\n\t\t\t\t\t<div class=\"the7-image-container\"><div class=\"the7-image-wrapper the7-elementor-widget the7-transform-container\"><div class=\"post-thumbnail-rollover layzr-bg img-css-resize-wrapper\"><img fetchpriority=\"high\" decoding=\"async\" width=\"1200\" height=\"1159\" src=\"data:image\/svg+xml,%3Csvg%20xmlns%3D&#039;http%3A%2F%2Fwww.w3.org%2F2000%2Fsvg&#039;%20viewBox%3D&#039;0%200%201200%201159&#039;%2F%3E\" class=\"attachment-full size-full preload-me aspect lazy lazy-load\" alt=\"\" sizes=\"(max-width: 1200px) 100vw, 1200px\" style=\"--ratio: 1200 \/ 1159;\" data-src=\"https:\/\/dianagadish.com\/wp-content\/uploads\/2025\/07\/dibuix_HWC.png\" loading=\"eager\" data-srcset=\"https:\/\/dianagadish.com\/wp-content\/uploads\/2025\/07\/dibuix_HWC.png 1200w, https:\/\/dianagadish.com\/wp-content\/uploads\/2025\/07\/dibuix_HWC-300x290.png 300w, https:\/\/dianagadish.com\/wp-content\/uploads\/2025\/07\/dibuix_HWC-1024x989.png 1024w, https:\/\/dianagadish.com\/wp-content\/uploads\/2025\/07\/dibuix_HWC-768x742.png 768w\" \/><\/div><\/div><\/div>\t\t\t\t<\/div>\n\t\t\t\t<\/div>\n\t\t\t\t<\/div>\n\t\t\t\t<\/div>\n\t\t<div class=\"elementor-element elementor-element-bf63d5b e-flex e-con-boxed e-con e-parent\" data-id=\"bf63d5b\" data-element_type=\"container\" data-e-type=\"container\" data-settings=\"{&quot;background_background&quot;:&quot;classic&quot;}\">\n\t\t\t\t\t<div class=\"e-con-inner\">\n\t\t\t\t<div class=\"elementor-element elementor-element-a002e78 elementor-widget elementor-widget-the7-ticker-widget\" data-id=\"a002e78\" data-element_type=\"widget\" data-e-type=\"widget\" data-settings=\"{&quot;ticker_transition_speed&quot;:30}\" data-widget_type=\"the7-ticker-widget.default\">\n\t\t\t\t<div class=\"elementor-widget-container\">\n\t\t\t\t\t<div class=\"the7-ticker\"><div class=\"the7-ticker-content\"><div class=\"the7-ticker-item\"><span class=\"ticker-content\">Danza-clown<\/span><\/div><div class=\"the7-ticker-item\"><span class=\"ticker-content\">Espect\u00e1culo de calle participativo<\/span><\/div><div class=\"the7-ticker-item\"><span class=\"ticker-content\">Para todos los p\u00fablicos<\/span><\/div><div class=\"the7-ticker-item\"><span class=\"ticker-content\">40 minutos<\/span><\/div><div class=\"the7-ticker-item\"><span class=\"ticker-content\">Sin texto<\/span><\/div><\/div><div class=\"the7-ticker-content\" aria-hidden=\"true\"><div class=\"the7-ticker-item\"><span class=\"ticker-content\">Danza-clown<\/span><\/div><div class=\"the7-ticker-item\"><span class=\"ticker-content\">Espect\u00e1culo de calle participativo<\/span><\/div><div class=\"the7-ticker-item\"><span class=\"ticker-content\">Para todos los p\u00fablicos<\/span><\/div><div class=\"the7-ticker-item\"><span class=\"ticker-content\">40 minutos<\/span><\/div><div class=\"the7-ticker-item\"><span class=\"ticker-content\">Sin texto<\/span><\/div><\/div><\/div>\t\t\t\t<\/div>\n\t\t\t\t<\/div>\n\t\t\t\t\t<\/div>\n\t\t\t\t<\/div>\n\t\t<div class=\"elementor-element elementor-element-2841bb0 e-con-full e-flex e-con e-parent\" data-id=\"2841bb0\" data-element_type=\"container\" data-e-type=\"container\">\n\t\t<div class=\"elementor-element elementor-element-12586ba e-con-full e-flex elementor-invisible e-con e-child\" data-id=\"12586ba\" data-element_type=\"container\" data-e-type=\"container\" data-settings=\"{&quot;animation&quot;:&quot;fadeInLeft&quot;}\">\n\t\t\t\t<div class=\"elementor-element elementor-element-8cb4bd3 elementor-widget elementor-widget-text-editor\" data-id=\"8cb4bd3\" data-element_type=\"widget\" data-e-type=\"widget\" data-widget_type=\"text-editor.default\">\n\t\t\t\t\t\t\t\t\t<p>Handle with care es un espect\u00e1culo que juega con elementos simples, como cajas de cart\u00f3n y papeles, con la plasticidad de las formas y con atm\u00f3sferas creadas a trav\u00e9s del movimiento. Con un lenguaje visual sugerente y po\u00e9tico, la interacci\u00f3n entre la actriz y el p\u00fablico se va desarrollando hasta compartir el protagonismo y tranformar totalmente el espacio. De una manera l\u00fadica, a trav\u00e9s del humor, nos muestra la fragilidad del ser humano y la necesidad de cuidarnos entre nosotros.<\/p>\t\t\t\t\t\t\t\t<\/div>\n\t\t\t\t<div class=\"elementor-element elementor-element-7c34612 elementor-widget elementor-widget-heading\" data-id=\"7c34612\" data-element_type=\"widget\" data-e-type=\"widget\" data-widget_type=\"heading.default\">\n\t\t\t\t\t<h3 class=\"elementor-heading-title elementor-size-default\">Prensa<\/h3>\t\t\t\t<\/div>\n\t\t\t\t<div class=\"elementor-element elementor-element-493bc83 elementor-widget elementor-widget-text-editor\" data-id=\"493bc83\" data-element_type=\"widget\" data-e-type=\"widget\" data-widget_type=\"text-editor.default\">\n\t\t\t\t\t\t\t\t\t<p>\u00abPrecioso trabajo que muestra la po\u00e9tica de la inseguridad.\u00bb<\/p><p><strong>Jordi Bordes<\/strong><br \/><em>Recomana<\/em>. 11\/09\/2016<\/p>\t\t\t\t\t\t\t\t<\/div>\n\t\t\t\t<div class=\"elementor-element elementor-element-a084248 elementor-widget elementor-widget-text-editor\" data-id=\"a084248\" data-element_type=\"widget\" data-e-type=\"widget\" data-widget_type=\"text-editor.default\">\n\t\t\t\t\t\t\t\t\t<p>\u00abPropuesta de calle muy bien encajada. (&#8230;) M\u00fasica en directo, el punto justo de descaro y las tablas necesarias para hacer participar al p\u00fablico son la base de un espect\u00e1culo redondo tanto en las formas como en la est\u00e9tica, diversi\u00f3n muy bien encajada\u00bb<\/p><p><strong>Manuel P\u00e9rez i Mu\u00f1oz<\/strong><br \/><em>Recomana<\/em>. 1\/10\/2016<\/p>\t\t\t\t\t\t\t\t<\/div>\n\t\t\t\t<\/div>\n\t\t<div class=\"elementor-element elementor-element-8395b07 e-con-full e-flex elementor-invisible e-con e-child\" data-id=\"8395b07\" data-element_type=\"container\" data-e-type=\"container\" data-settings=\"{&quot;animation&quot;:&quot;fadeInRight&quot;}\">\n\t\t\t\t<div class=\"elementor-element elementor-element-48b498d elementor-widget elementor-widget-heading\" data-id=\"48b498d\" data-element_type=\"widget\" data-e-type=\"widget\" data-widget_type=\"heading.default\">\n\t\t\t\t\t<h3 class=\"elementor-heading-title elementor-size-default\">Ficha t\u00e9cnica<\/h3>\t\t\t\t<\/div>\n\t\t\t\t<div class=\"elementor-element elementor-element-46b6311 elementor-widget elementor-widget-text-editor\" data-id=\"46b6311\" data-element_type=\"widget\" data-e-type=\"widget\" data-widget_type=\"text-editor.default\">\n\t\t\t\t\t\t\t\t\t<p><strong>Interpretaci\u00f3n y creaci\u00f3n:<\/strong> Diana Gadish\u00a0<\/p><p><strong>M\u00fasica:<\/strong> Marc Rodrigo<\/p><p><strong>Direcci\u00f3n:<\/strong> Sergi Estebanell\u00a0<\/p><p><strong>Escenograf\u00eda:<\/strong> Alberto Carre\u00f1o y Tony Muchland\u00a0<\/p><p><strong>Vestuario:<\/strong> Jorge Dutor\u00a0<\/p><p><strong>Fotos:<\/strong> Cris Palomar<\/p><p><strong>Co-producci\u00f3n:<\/strong> Fira T\u00e0rrega y El Graner\u00a0<\/p><p><strong>Apoyos:<\/strong> Festival Escena Poblenou, OSIC (Department de Cultura de la Generalidad de Catalu \u00f1a), CRA\u2019P y La Poderosa<\/p>\t\t\t\t\t\t\t\t<\/div>\n\t\t\t\t<\/div>\n\t\t\t\t<\/div>\n\t\t<div class=\"elementor-element elementor-element-4a33a92 e-flex e-con-boxed elementor-invisible e-con e-parent\" data-id=\"4a33a92\" data-element_type=\"container\" data-e-type=\"container\" data-settings=\"{&quot;animation&quot;:&quot;fadeIn&quot;}\">\n\t\t\t\t\t<div class=\"e-con-inner\">\n\t\t\t\t<div class=\"elementor-element elementor-element-942bc6e elementor-arrows-position-inside elementor-widget elementor-widget-image-carousel\" data-id=\"942bc6e\" data-element_type=\"widget\" data-e-type=\"widget\" data-settings=\"{&quot;slides_to_show&quot;:&quot;1&quot;,&quot;navigation&quot;:&quot;arrows&quot;,&quot;autoplay&quot;:&quot;yes&quot;,&quot;pause_on_hover&quot;:&quot;yes&quot;,&quot;pause_on_interaction&quot;:&quot;yes&quot;,&quot;autoplay_speed&quot;:5000,&quot;infinite&quot;:&quot;yes&quot;,&quot;effect&quot;:&quot;slide&quot;,&quot;speed&quot;:500}\" data-widget_type=\"image-carousel.default\">\n\t\t\t\t\t\t\t<div class=\"elementor-image-carousel-wrapper swiper\" role=\"region\" aria-roledescription=\"carousel\" aria-label=\"Carrusel d&#039;imatges\" dir=\"ltr\">\n\t\t\t<div class=\"elementor-image-carousel swiper-wrapper\" aria-live=\"off\">\n\t\t\t\t\t\t\t\t<div class=\"swiper-slide\" role=\"group\" aria-roledescription=\"slide\" aria-label=\"1 de 9\"><figure class=\"swiper-slide-inner\"><img decoding=\"async\" class=\"swiper-slide-image\" src=\"https:\/\/dianagadish.com\/wp-content\/uploads\/2025\/07\/anadesetnica2017-photolukadakskobler-006.jpg\" alt=\"Diana Gadish (ESP)\" \/><\/figure><\/div><div class=\"swiper-slide\" role=\"group\" aria-roledescription=\"slide\" aria-label=\"2 de 9\"><figure class=\"swiper-slide-inner\"><img decoding=\"async\" class=\"swiper-slide-image\" src=\"https:\/\/dianagadish.com\/wp-content\/uploads\/2025\/07\/DianaGadish07-scaled.jpg\" alt=\"DianaGadish07\" \/><\/figure><\/div><div class=\"swiper-slide\" role=\"group\" aria-roledescription=\"slide\" aria-label=\"3 de 9\"><figure class=\"swiper-slide-inner\"><img decoding=\"async\" class=\"swiper-slide-image\" src=\"https:\/\/dianagadish.com\/wp-content\/uploads\/2025\/07\/HandleWithCare018-copia-scaled.jpg\" alt=\"HandleWithCare018 - copia\" \/><\/figure><\/div><div class=\"swiper-slide\" role=\"group\" aria-roledescription=\"slide\" aria-label=\"4 de 9\"><figure class=\"swiper-slide-inner\"><img decoding=\"async\" class=\"swiper-slide-image\" src=\"https:\/\/dianagadish.com\/wp-content\/uploads\/2025\/07\/HandleWithCare020-copia-scaled.jpg\" alt=\"HandleWithCare020 - copia\" \/><\/figure><\/div><div class=\"swiper-slide\" role=\"group\" aria-roledescription=\"slide\" aria-label=\"5 de 9\"><figure class=\"swiper-slide-inner\"><img decoding=\"async\" class=\"swiper-slide-image\" src=\"https:\/\/dianagadish.com\/wp-content\/uploads\/2025\/07\/HandleWithCare065-copia-scaled.jpg\" alt=\"HandleWithCare065 - copia\" \/><\/figure><\/div><div class=\"swiper-slide\" role=\"group\" aria-roledescription=\"slide\" aria-label=\"6 de 9\"><figure class=\"swiper-slide-inner\"><img decoding=\"async\" class=\"swiper-slide-image\" src=\"https:\/\/dianagadish.com\/wp-content\/uploads\/2025\/07\/HandleWithCare074-copia-scaled.jpg\" alt=\"HandleWithCare074 - copia\" \/><\/figure><\/div><div class=\"swiper-slide\" role=\"group\" aria-roledescription=\"slide\" aria-label=\"7 de 9\"><figure class=\"swiper-slide-inner\"><img decoding=\"async\" class=\"swiper-slide-image\" src=\"https:\/\/dianagadish.com\/wp-content\/uploads\/2025\/07\/HandleWithCare088-copia-scaled.jpg\" alt=\"HandleWithCare088 - copia\" \/><\/figure><\/div><div class=\"swiper-slide\" role=\"group\" aria-roledescription=\"slide\" aria-label=\"8 de 9\"><figure class=\"swiper-slide-inner\"><img decoding=\"async\" class=\"swiper-slide-image\" src=\"https:\/\/dianagadish.com\/wp-content\/uploads\/2025\/07\/HandleWithCare092-copia-scaled.jpg\" alt=\"HandleWithCare092 - copia\" \/><\/figure><\/div><div class=\"swiper-slide\" role=\"group\" aria-roledescription=\"slide\" aria-label=\"9 de 9\"><figure class=\"swiper-slide-inner\"><img decoding=\"async\" class=\"swiper-slide-image\" src=\"https:\/\/dianagadish.com\/wp-content\/uploads\/2025\/07\/HandleWithCare158-copia-scaled.jpg\" alt=\"HandleWithCare158 - copia\" \/><\/figure><\/div>\t\t\t<\/div>\n\t\t\t\t\t\t\t\t\t\t\t\t<div class=\"elementor-swiper-button elementor-swiper-button-prev\" role=\"button\" tabindex=\"0\">\n\t\t\t\t\t\t<svg aria-hidden=\"true\" class=\"e-font-icon-svg e-eicon-chevron-left\" viewBox=\"0 0 1000 1000\" xmlns=\"http:\/\/www.w3.org\/2000\/svg\"><path d=\"M646 125C629 125 613 133 604 142L308 442C296 454 292 471 292 487 292 504 296 521 308 533L604 854C617 867 629 875 646 875 663 875 679 871 692 858 704 846 713 829 713 812 713 796 708 779 692 767L438 487 692 225C700 217 708 204 708 187 708 171 704 154 692 142 675 129 663 125 646 125Z\"><\/path><\/svg>\t\t\t\t\t<\/div>\n\t\t\t\t\t<div class=\"elementor-swiper-button elementor-swiper-button-next\" role=\"button\" tabindex=\"0\">\n\t\t\t\t\t\t<svg aria-hidden=\"true\" class=\"e-font-icon-svg e-eicon-chevron-right\" viewBox=\"0 0 1000 1000\" xmlns=\"http:\/\/www.w3.org\/2000\/svg\"><path d=\"M696 533C708 521 713 504 713 487 713 471 708 454 696 446L400 146C388 133 375 125 354 125 338 125 325 129 313 142 300 154 292 171 292 187 292 204 296 221 308 233L563 492 304 771C292 783 288 800 288 817 288 833 296 850 308 863 321 871 338 875 354 875 371 875 388 867 400 854L696 533Z\"><\/path><\/svg>\t\t\t\t\t<\/div>\n\t\t\t\t\n\t\t\t\t\t\t\t\t\t<\/div>\n\t\t\t\t\t\t<\/div>\n\t\t\t\t\t<\/div>\n\t\t\t\t<\/div>\n\t\t\t\t<\/div>\n\t\t","protected":false},"excerpt":{"rendered":"<p>Handle&nbsp;with&nbsp;care La fragilidad del ser humano y la necesidad de cuidarnos entre nosotros DOSSIER TEASER AGENDA Danza-clownEspect\u00e1culo de calle participativoPara todos los p\u00fablicos40 minutosSin textoDanza-clownEspect\u00e1culo de calle participativoPara todos los p\u00fablicos40 minutosSin texto Handle with care es un espect\u00e1culo que juega con elementos simples, como cajas de cart\u00f3n y papeles, con la plasticidad de las&hellip;<\/p>\n","protected":false},"author":1,"featured_media":0,"parent":21578,"menu_order":20,"comment_status":"closed","ping_status":"closed","template":"elementor_header_footer","meta":{"footnotes":""},"class_list":["post-21564","page","type-page","status-publish","hentry"],"_links":{"self":[{"href":"https:\/\/dianagadish.com\/es\/wp-json\/wp\/v2\/pages\/21564","targetHints":{"allow":["GET"]}}],"collection":[{"href":"https:\/\/dianagadish.com\/es\/wp-json\/wp\/v2\/pages"}],"about":[{"href":"https:\/\/dianagadish.com\/es\/wp-json\/wp\/v2\/types\/page"}],"author":[{"embeddable":true,"href":"https:\/\/dianagadish.com\/es\/wp-json\/wp\/v2\/users\/1"}],"replies":[{"embeddable":true,"href":"https:\/\/dianagadish.com\/es\/wp-json\/wp\/v2\/comments?post=21564"}],"version-history":[{"count":7,"href":"https:\/\/dianagadish.com\/es\/wp-json\/wp\/v2\/pages\/21564\/revisions"}],"predecessor-version":[{"id":21783,"href":"https:\/\/dianagadish.com\/es\/wp-json\/wp\/v2\/pages\/21564\/revisions\/21783"}],"up":[{"embeddable":true,"href":"https:\/\/dianagadish.com\/es\/wp-json\/wp\/v2\/pages\/21578"}],"wp:attachment":[{"href":"https:\/\/dianagadish.com\/es\/wp-json\/wp\/v2\/media?parent=21564"}],"curies":[{"name":"wp","href":"https:\/\/api.w.org\/{rel}","templated":true}]}}