{"id":21527,"date":"2025-07-08T09:13:08","date_gmt":"2025-07-08T07:13:08","guid":{"rendered":"https:\/\/dianagadish.com\/tallers\/"},"modified":"2025-09-09T16:53:44","modified_gmt":"2025-09-09T14:53:44","slug":"talleres","status":"publish","type":"page","link":"https:\/\/dianagadish.com\/es\/talleres\/","title":{"rendered":"Talleres"},"content":{"rendered":"\t\t<div data-elementor-type=\"wp-page\" data-elementor-id=\"21527\" class=\"elementor elementor-21527 elementor-20706\" data-elementor-post-type=\"page\">\n\t\t\t\t<div class=\"elementor-element elementor-element-7fd2824 e-con-full e-flex e-con e-parent\" data-id=\"7fd2824\" data-element_type=\"container\" data-e-type=\"container\">\n\t\t<div class=\"elementor-element elementor-element-fd3b1c4 e-flex e-con-boxed e-con e-child\" data-id=\"fd3b1c4\" data-element_type=\"container\" data-e-type=\"container\">\n\t\t\t\t\t<div class=\"e-con-inner\">\n\t\t\t\t<div class=\"elementor-element elementor-element-0605c7b elementor-invisible elementor-widget elementor-widget-text-editor\" data-id=\"0605c7b\" data-element_type=\"widget\" data-e-type=\"widget\" data-settings=\"{&quot;_animation&quot;:&quot;fadeIn&quot;}\" data-widget_type=\"text-editor.default\">\n\t\t\t\t\t\t\t\t\t<p>Tengo a\u00f1os de experiencia impartiendo talleres y clases regulares de movimiento, conciencia corporal, danza contempor\u00e1nea y clown, tanto para actores\/actrices profesionales o en v\u00edas de profesionalizaci\u00f3n, como para personas no profesionales de todas las edades y ni\u00f1os\/as con necesidades especiales.<\/p><p>Como payasa de hospital con Pallapupas, tambi\u00e9n he impartido talleres y charlas\/taller para profesionales de la salud, empleando el clown como herramienta de mejora el estado emocional tanto de los propios profesionales como para pacientes y familiares.<\/p><p>Esta experiencia me ha llevado a entender la pedagog\u00eda como un espacio de crecimiento y aprendizaje mutuo que nutre y se nutre de mi actividad art\u00edstica. Entiendo la conexi\u00f3n con el cuerpo y el juego como espacio para conectar con nuestra sinceridad y creatividad, pudiendo compartirlas ante la mirada de otras personas. Este compartir se revela como un acto liberador que nos mantiene en constante di\u00e1logo con nosotros mismos y con el mundo.<\/p><p>\u00a0<\/p><p>Actualmente, imparto sobre todo talleres intensivos de <strong>clown<\/strong> y de <strong>Movimiento Aut\u00e9ntico<\/strong>.<\/p>\t\t\t\t\t\t\t\t<\/div>\n\t\t\t\t\t<\/div>\n\t\t\t\t<\/div>\n\t\t\t\t<\/div>\n\t\t<div class=\"elementor-element elementor-element-8d6272e e-con-full e-flex e-con e-parent\" data-id=\"8d6272e\" data-element_type=\"container\" data-e-type=\"container\" data-settings=\"{&quot;background_background&quot;:&quot;classic&quot;}\">\n\t\t<div class=\"elementor-element elementor-element-0242c56 e-con-full e-flex e-con e-child\" data-id=\"0242c56\" data-element_type=\"container\" data-e-type=\"container\">\n\t\t\t\t<div class=\"elementor-element elementor-element-a249bb6 elementor-invisible elementor-widget elementor-widget-text-editor\" data-id=\"a249bb6\" data-element_type=\"widget\" data-e-type=\"widget\" data-settings=\"{&quot;_animation&quot;:&quot;fadeInLeft&quot;}\" data-widget_type=\"text-editor.default\">\n\t\t\t\t\t\t\t\t\t<p><b>MOVIMIENTO AUT\u00c9NTICO (AUTHENTIC MOMENT)<\/b><\/p><p>El Movimiento Aut\u00e9ntico es una pr\u00e1ctica que proviene de la Danza Movimiento Terapia, originada en los a\u00f1os 1950 por Mary Starks Whitehouse y desarrollada posteriormente por Janet Adler y Joan Chodorow. Parte de las influencias de la psicolog\u00eda de Carl Jung, de la danza expresionista, pr\u00e1cticas som\u00e1ticas y pr\u00e1cticas contemplativas y espirituales; y nos permite desarrollar una escucha psico-corporal profunda, poni\u00e9ndola en relaci\u00f3n siempre con la otra. Se cultiva la mirada sin juicio, tanto interna como externa, hacia nosotros mismos y hacia los dem\u00e1s. Nos permite desarrollar una mayor conciencia corporal, emocional, simb\u00f3lica y espiritual.<\/p><p>Desde 2010 he ido utilizando el Movimiento Aut\u00e9ntico en formaciones actorales como herramienta para potenciar la escucha, la creatividad y la honestidad, buscando una relaci\u00f3n con el p\u00fablico abierta, sincera y sin artificios que bloqueen la expresi\u00f3n m\u00e1s profunda del ser. En 2015\/2016 curs\u00e9 una formaci\u00f3n especializada en Movimiento Aut\u00e9ntico con Maria Elena Garcia. Esta formaci\u00f3n me permiti\u00f3 adentrarme en las profundas aguas de esta pr\u00e1ctica.<\/p>\t\t\t\t\t\t\t\t<\/div>\n\t\t\t\t<\/div>\n\t\t<div class=\"elementor-element elementor-element-a8a1d5e e-con-full e-flex e-con e-child\" data-id=\"a8a1d5e\" data-element_type=\"container\" data-e-type=\"container\">\n\t\t\t\t<div class=\"elementor-element elementor-element-98b3835 elementor-invisible elementor-widget elementor-widget-text-editor\" data-id=\"98b3835\" data-element_type=\"widget\" data-e-type=\"widget\" data-settings=\"{&quot;_animation&quot;:&quot;fadeInRight&quot;}\" data-widget_type=\"text-editor.default\">\n\t\t\t\t\t\t\t\t\t<p><b>CLOWN<\/b><\/p><p>En los talleres de clown, pongo en juego la sensibilidad que he ido adquiriendo a trav\u00e9s de la danza y el trabajo corporal a favor del humor y el esp\u00edritu l\u00fadico. Me gusta acompa\u00f1ar a los\/as participantes en un viaje donde poder compartir su vulnerabilidad y aquellas verdades internas que quedan escondidas por el comportamiento social.<\/p><p>Adapto el taller seg\u00fan el contexto, las edades y el nivel teatral y\/o de clown.<\/p><p>\u00a0<\/p>\t\t\t\t\t\t\t\t<\/div>\n\t\t\t\t<\/div>\n\t\t\t\t<\/div>\n\t\t<div class=\"elementor-element elementor-element-70e18d9 e-con-full e-flex e-con e-parent\" data-id=\"70e18d9\" data-element_type=\"container\" data-e-type=\"container\" data-settings=\"{&quot;background_background&quot;:&quot;classic&quot;}\">\n\t\t\t\t<div class=\"elementor-element elementor-element-92820b3 elementor-invisible elementor-widget elementor-widget-gallery\" data-id=\"92820b3\" data-element_type=\"widget\" data-e-type=\"widget\" data-settings=\"{&quot;columns&quot;:2,&quot;gap&quot;:{&quot;unit&quot;:&quot;px&quot;,&quot;size&quot;:0,&quot;sizes&quot;:[]},&quot;aspect_ratio&quot;:&quot;16:9&quot;,&quot;overlay_description&quot;:&quot;description&quot;,&quot;_animation&quot;:&quot;fadeInUp&quot;,&quot;gap_tablet&quot;:{&quot;unit&quot;:&quot;px&quot;,&quot;size&quot;:0,&quot;sizes&quot;:[]},&quot;gap_mobile&quot;:{&quot;unit&quot;:&quot;px&quot;,&quot;size&quot;:0,&quot;sizes&quot;:[]},&quot;lazyload&quot;:&quot;yes&quot;,&quot;gallery_layout&quot;:&quot;grid&quot;,&quot;columns_tablet&quot;:2,&quot;columns_mobile&quot;:1,&quot;gap_laptop&quot;:{&quot;unit&quot;:&quot;px&quot;,&quot;size&quot;:10,&quot;sizes&quot;:[]},&quot;gap_tablet_extra&quot;:{&quot;unit&quot;:&quot;px&quot;,&quot;size&quot;:10,&quot;sizes&quot;:[]},&quot;link_to&quot;:&quot;file&quot;,&quot;overlay_background&quot;:&quot;yes&quot;,&quot;content_hover_animation&quot;:&quot;fade-in&quot;}\" data-widget_type=\"gallery.default\">\n\t\t\t\t\t\t\t<div class=\"elementor-gallery__container\">\n\t\t\t\t\t\t\t<a class=\"e-gallery-item elementor-gallery-item elementor-animated-content\" href=\"https:\/\/dianagadish.com\/wp-content\/uploads\/2025\/07\/DISSABTES-EN-MOVIMENT-Diana-2024_6-scaled.jpg\" data-elementor-open-lightbox=\"yes\" data-elementor-lightbox-slideshow=\"92820b3\" data-elementor-lightbox-title=\"DISSABTES EN MOVIMENT Diana 2024_6\" data-e-action-hash=\"#elementor-action%3Aaction%3Dlightbox%26settings%3DeyJpZCI6MjEwOTgsInVybCI6Imh0dHBzOlwvXC9kaWFuYWdhZGlzaC5jb21cL3dwLWNvbnRlbnRcL3VwbG9hZHNcLzIwMjVcLzA3XC9ESVNTQUJURVMtRU4tTU9WSU1FTlQtRGlhbmEtMjAyNF82LXNjYWxlZC5qcGciLCJzbGlkZXNob3ciOiI5MjgyMGIzIn0%3D\">\n\t\t\t\t\t<div class=\"e-gallery-image elementor-gallery-item__image\" data-thumbnail=\"https:\/\/dianagadish.com\/wp-content\/uploads\/2025\/07\/DISSABTES-EN-MOVIMENT-Diana-2024_6-scaled.jpg\" data-width=\"2560\" data-height=\"1706\" aria-label=\"\" role=\"img\" ><\/div>\n\t\t\t\t\t\t\t\t\t\t\t<div class=\"elementor-gallery-item__overlay\"><\/div>\n\t\t\t\t\t\t\t\t\t\t\t\t\t\t\t<div class=\"elementor-gallery-item__content\">\n\t\t\t\t\t\t\t\t\t\t\t<\/div>\n\t\t\t\t\t\t\t\t\t<\/a>\n\t\t\t\t\t\t\t<a class=\"e-gallery-item elementor-gallery-item elementor-animated-content\" href=\"https:\/\/dianagadish.com\/wp-content\/uploads\/2025\/07\/DISSABTES-EN-MOVIMENT-Diana-2024_14-scaled.jpg\" data-elementor-open-lightbox=\"yes\" data-elementor-lightbox-slideshow=\"92820b3\" data-elementor-lightbox-title=\"DISSABTES EN MOVIMENT Diana 2024_14\" data-e-action-hash=\"#elementor-action%3Aaction%3Dlightbox%26settings%3DeyJpZCI6MjEwOTUsInVybCI6Imh0dHBzOlwvXC9kaWFuYWdhZGlzaC5jb21cL3dwLWNvbnRlbnRcL3VwbG9hZHNcLzIwMjVcLzA3XC9ESVNTQUJURVMtRU4tTU9WSU1FTlQtRGlhbmEtMjAyNF8xNC1zY2FsZWQuanBnIiwic2xpZGVzaG93IjoiOTI4MjBiMyJ9\">\n\t\t\t\t\t<div class=\"e-gallery-image elementor-gallery-item__image\" data-thumbnail=\"https:\/\/dianagadish.com\/wp-content\/uploads\/2025\/07\/DISSABTES-EN-MOVIMENT-Diana-2024_14-scaled.jpg\" data-width=\"2560\" data-height=\"1707\" aria-label=\"\" role=\"img\" ><\/div>\n\t\t\t\t\t\t\t\t\t\t\t<div class=\"elementor-gallery-item__overlay\"><\/div>\n\t\t\t\t\t\t\t\t\t\t\t\t\t\t\t<div class=\"elementor-gallery-item__content\">\n\t\t\t\t\t\t\t\t\t\t\t<\/div>\n\t\t\t\t\t\t\t\t\t<\/a>\n\t\t\t\t\t\t\t<a class=\"e-gallery-item elementor-gallery-item elementor-animated-content\" href=\"https:\/\/dianagadish.com\/wp-content\/uploads\/2025\/07\/DSC00771.jpg\" data-elementor-open-lightbox=\"yes\" data-elementor-lightbox-slideshow=\"92820b3\" data-elementor-lightbox-title=\"DSC00771\" data-e-action-hash=\"#elementor-action%3Aaction%3Dlightbox%26settings%3DeyJpZCI6MjEwOTIsInVybCI6Imh0dHBzOlwvXC9kaWFuYWdhZGlzaC5jb21cL3dwLWNvbnRlbnRcL3VwbG9hZHNcLzIwMjVcLzA3XC9EU0MwMDc3MS5qcGciLCJzbGlkZXNob3ciOiI5MjgyMGIzIn0%3D\">\n\t\t\t\t\t<div class=\"e-gallery-image elementor-gallery-item__image\" data-thumbnail=\"https:\/\/dianagadish.com\/wp-content\/uploads\/2025\/07\/DSC00771.jpg\" data-width=\"1972\" data-height=\"1109\" aria-label=\"\" role=\"img\" ><\/div>\n\t\t\t\t\t\t\t\t\t\t\t<div class=\"elementor-gallery-item__overlay\"><\/div>\n\t\t\t\t\t\t\t\t\t\t\t\t\t\t\t<div class=\"elementor-gallery-item__content\">\n\t\t\t\t\t\t\t\t\t\t\t<\/div>\n\t\t\t\t\t\t\t\t\t<\/a>\n\t\t\t\t\t\t\t<a class=\"e-gallery-item elementor-gallery-item elementor-animated-content\" href=\"https:\/\/dianagadish.com\/wp-content\/uploads\/2025\/07\/FOTO-CRAP1-scaled.jpg\" data-elementor-open-lightbox=\"yes\" data-elementor-lightbox-slideshow=\"92820b3\" data-elementor-lightbox-title=\"FOTO CRAP1\" data-e-action-hash=\"#elementor-action%3Aaction%3Dlightbox%26settings%3DeyJpZCI6MjEwODksInVybCI6Imh0dHBzOlwvXC9kaWFuYWdhZGlzaC5jb21cL3dwLWNvbnRlbnRcL3VwbG9hZHNcLzIwMjVcLzA3XC9GT1RPLUNSQVAxLXNjYWxlZC5qcGciLCJzbGlkZXNob3ciOiI5MjgyMGIzIn0%3D\">\n\t\t\t\t\t<div class=\"e-gallery-image elementor-gallery-item__image\" data-thumbnail=\"https:\/\/dianagadish.com\/wp-content\/uploads\/2025\/07\/FOTO-CRAP1-scaled.jpg\" data-width=\"2560\" data-height=\"1920\" aria-label=\"\" role=\"img\" ><\/div>\n\t\t\t\t\t\t\t\t\t\t\t<div class=\"elementor-gallery-item__overlay\"><\/div>\n\t\t\t\t\t\t\t\t\t\t\t\t\t\t\t<div class=\"elementor-gallery-item__content\">\n\t\t\t\t\t\t\t\t\t\t\t<\/div>\n\t\t\t\t\t\t\t\t\t<\/a>\n\t\t\t\t\t<\/div>\n\t\t\t\t\t<\/div>\n\t\t\t\t<\/div>\n\t\t\t\t<\/div>\n\t\t","protected":false},"excerpt":{"rendered":"<p>Tengo a\u00f1os de experiencia impartiendo talleres y clases regulares de movimiento, conciencia corporal, danza contempor\u00e1nea y clown, tanto para actores\/actrices profesionales o en v\u00edas de profesionalizaci\u00f3n, como para personas no profesionales de todas las edades y ni\u00f1os\/as con necesidades especiales. Como payasa de hospital con Pallapupas, tambi\u00e9n he impartido talleres y charlas\/taller para profesionales de&hellip;<\/p>\n","protected":false},"author":1,"featured_media":0,"parent":0,"menu_order":20,"comment_status":"closed","ping_status":"closed","template":"","meta":{"footnotes":""},"class_list":["post-21527","page","type-page","status-publish","hentry"],"_links":{"self":[{"href":"https:\/\/dianagadish.com\/es\/wp-json\/wp\/v2\/pages\/21527","targetHints":{"allow":["GET"]}}],"collection":[{"href":"https:\/\/dianagadish.com\/es\/wp-json\/wp\/v2\/pages"}],"about":[{"href":"https:\/\/dianagadish.com\/es\/wp-json\/wp\/v2\/types\/page"}],"author":[{"embeddable":true,"href":"https:\/\/dianagadish.com\/es\/wp-json\/wp\/v2\/users\/1"}],"replies":[{"embeddable":true,"href":"https:\/\/dianagadish.com\/es\/wp-json\/wp\/v2\/comments?post=21527"}],"version-history":[{"count":10,"href":"https:\/\/dianagadish.com\/es\/wp-json\/wp\/v2\/pages\/21527\/revisions"}],"predecessor-version":[{"id":21798,"href":"https:\/\/dianagadish.com\/es\/wp-json\/wp\/v2\/pages\/21527\/revisions\/21798"}],"wp:attachment":[{"href":"https:\/\/dianagadish.com\/es\/wp-json\/wp\/v2\/media?parent=21527"}],"curies":[{"name":"wp","href":"https:\/\/api.w.org\/{rel}","templated":true}]}}